{"id":388,"date":"2018-11-22T18:39:16","date_gmt":"2018-11-22T17:39:16","guid":{"rendered":"http:\/\/www.el-drut.com\/?page_id=388"},"modified":"2019-01-15T21:11:06","modified_gmt":"2019-01-15T20:11:06","slug":"oferta-hurtowni-elektrycznej","status":"publish","type":"page","link":"http:\/\/www.el-drut.com\/index.php\/oferta\/oferta-hurtowni-elektrycznej\/","title":{"rendered":"Oferta Hurtowni Elektrycznej"},"content":{"rendered":"\t\t<div data-elementor-type=\"wp-post\" data-elementor-id=\"388\" class=\"elementor elementor-388 elementor-bc-flex-widget\">\n\t\t\t\t\t\t<section class=\"elementor-section elementor-top-section elementor-element elementor-element-3d1fc5e8 elementor-section-boxed elementor-section-height-default elementor-section-height-default\" data-id=\"3d1fc5e8\" data-element_type=\"section\" data-e-type=\"section\">\n\t\t\t\t\t\t<div class=\"elementor-container elementor-column-gap-default\">\n\t\t\t\t\t<div class=\"elementor-column elementor-col-100 elementor-top-column elementor-element elementor-element-5d11f32c\" data-id=\"5d11f32c\" data-element_type=\"column\" data-e-type=\"column\">\n\t\t\t<div class=\"elementor-widget-wrap elementor-element-populated\">\n\t\t\t\t\t\t<div class=\"elementor-element elementor-element-44f182 elementor-widget elementor-widget-text-editor\" data-id=\"44f182\" data-element_type=\"widget\" data-e-type=\"widget\" data-widget_type=\"text-editor.default\">\n\t\t\t\t<div class=\"elementor-widget-container\">\n\t\t\t\t\t\t\t\t\t<section class=\"elementor-element elementor-element-712b52d elementor-section-boxed elementor-section-height-default elementor-section-height-default elementor-section elementor-top-section\" data-element_type=\"section\" data-id=\"712b52d\"><div class=\"elementor-container elementor-column-gap-default\"><div class=\"elementor-row\"><div class=\"elementor-element elementor-element-25d9421 elementor-column elementor-col-100 elementor-top-column\" data-element_type=\"column\" data-id=\"25d9421\"><div class=\"elementor-column-wrap elementor-element-populated\"><div class=\"elementor-widget-wrap\"><div class=\"elementor-element elementor-element-ce260f0 elementor-widget elementor-widget-text-editor\" data-element_type=\"text-editor.default\" data-id=\"ce260f0\"><div class=\"elementor-widget-container\"><div class=\"elementor-text-editor elementor-clearfix\"><span style=\"color: #333333;\"><strong>Oferta hurtowni elektrycznej<\/strong><\/span><\/div><\/div><\/div><\/div><\/div><\/div><\/div><\/div><\/section><section class=\"elementor-element elementor-element-3818209 elementor-section-boxed elementor-section-height-default elementor-section-height-default elementor-section elementor-top-section\" data-element_type=\"section\" data-id=\"3818209\"><div class=\"elementor-container elementor-column-gap-default\"><div class=\"elementor-row\"><div class=\"elementor-element elementor-element-fdecbd9 elementor-column elementor-col-100 elementor-top-column\" data-element_type=\"column\" data-id=\"fdecbd9\"><div class=\"elementor-column-wrap elementor-element-populated\"><div class=\"elementor-widget-wrap\"><div class=\"elementor-element elementor-element-4c5384d elementor-widget elementor-widget-text-editor\" data-element_type=\"text-editor.default\" data-id=\"4c5384d\"><div class=\"elementor-widget-container\"><div class=\"elementor-text-editor elementor-clearfix\"><p><span style=\"color: #333333;\">W swojej ofercie posiadamy bardzo bogaty asortyment. Jednak\u017ce, je\u015bli nie znale\u017ali\u015bcie Pa\u0144stwo dla siebie produktu kt\u00f3rego szukacie, w ci\u0105gu 24 godzin mo\u017cemy go dla Was zam\u00f3wi\u0107. Zapraszamy do kontaktu.<\/span><\/p><\/div><\/div><\/div><\/div><\/div><\/div><\/div><\/div><\/section><section class=\"elementor-element elementor-element-fefa295 elementor-section-boxed elementor-section-height-default elementor-section-height-default elementor-section elementor-top-section\" data-element_type=\"section\" data-id=\"fefa295\"><div class=\"elementor-container elementor-column-gap-default\"><div class=\"elementor-row\"><div class=\"elementor-element elementor-element-fcf7664 elementor-column elementor-col-100 elementor-top-column\" data-element_type=\"column\" data-id=\"fcf7664\"><div class=\"elementor-column-wrap elementor-element-populated\"><div class=\"elementor-widget-wrap\"><div class=\"elementor-element elementor-element-d2c7a45 elementor-widget elementor-widget-text-editor\" data-element_type=\"text-editor.default\" data-id=\"d2c7a45\"><div class=\"elementor-widget-container\"><div class=\"elementor-text-editor elementor-clearfix\"><ul><li><a href=\"http:\/\/www.el-drut.com\/index.php\/oferta\/wylaczniki-nadpradowe-i-roznicowopradowe\/\">Wy\u0142\u0105czniki nadpr\u0105dowe i r\u00f3\u017cnicowopr\u0105dowe<\/a><\/li><li><a href=\"http:\/\/www.el-drut.com\/index.php\/oferta\/kable-i-przewody\/\">Kable i przewody<\/a><\/li><li><a href=\"http:\/\/www.el-drut.com\/index.php\/rozdzielnie-elektryczne\/\">Rozdzielnie elektryczne<\/a><\/li><li><a href=\"http:\/\/www.el-drut.com\/index.php\/oferta\/wlaczniki-gniazda-hermetyczne\/\">W\u0142\u0105czniki i gniazda hermetyczne<\/a><\/li><li><a href=\"http:\/\/www.el-drut.com\/index.php\/oferta\/osprzet-elektroinstalacyjny\/\">Osprz\u0119t elektroinstalacyjny<\/a><\/li><li><a href=\"http:\/\/www.el-drut.com\/index.php\/oferta\/oprawki-sufitowe\/\">Oprawki sufitowe<\/a><\/li><li><a href=\"http:\/\/www.el-drut.com\/index.php\/zrodla-swiatla-led\/\">\u0179r\u00f3d\u0142a \u015bwiat\u0142a LED<\/a><\/li><li><a href=\"http:\/\/www.el-drut.com\/index.php\/oprawy-led\/\">Oprawy led<\/a><\/li><li><a href=\"http:\/\/www.el-drut.com\/index.php\/oferta\/tasmy-led-i-sterowniki-led\/\">Ta\u015bmy LED i sterowniki LED<\/a><\/li><li><a href=\"http:\/\/www.el-drut.com\/index.php\/oferta\/pozostale-produkty\/\">Pozosta\u0142e produkty<\/a><\/li><\/ul><\/div><\/div><\/div><\/div><\/div><\/div><\/div><\/div><\/section>\t\t\t\t\t\t\t\t<\/div>\n\t\t\t\t<\/div>\n\t\t\t\t\t<\/div>\n\t\t<\/div>\n\t\t\t\t\t<\/div>\n\t\t<\/section>\n\t\t\t\t<\/div>\n\t\t","protected":false},"excerpt":{"rendered":"<p>Oferta hurtowni elektrycznej W swojej ofercie posiadamy bardzo bogaty asortyment. Jednak\u017ce, je\u015bli nie znale\u017ali\u015bcie Pa\u0144stwo dla siebie produktu kt\u00f3rego szukacie, w ci\u0105gu 24 godzin mo\u017cemy go dla Was zam\u00f3wi\u0107. Zapraszamy do kontaktu. Wy\u0142\u0105czniki nadpr\u0105dowe i r\u00f3\u017cnicowopr\u0105dowe Kable i przewody Rozdzielnie elektryczne W\u0142\u0105czniki i gniazda hermetyczne Osprz\u0119t elektroinstalacyjny Oprawki sufitowe \u0179r\u00f3d\u0142a \u015bwiat\u0142a LED Oprawy led Ta\u015bmy &hellip; <\/p>\n<p class=\"link-more\"><a href=\"http:\/\/www.el-drut.com\/index.php\/oferta\/oferta-hurtowni-elektrycznej\/\" class=\"more-link\">Czytaj dalej<span class=\"screen-reader-text\"> \u201eOferta Hurtowni Elektrycznej\u201d<\/span><\/a><\/p>\n","protected":false},"author":1,"featured_media":0,"parent":15,"menu_order":0,"comment_status":"closed","ping_status":"closed","template":"","meta":{"footnotes":""},"class_list":["post-388","page","type-page","status-publish","hentry"],"_links":{"self":[{"href":"http:\/\/www.el-drut.com\/index.php\/wp-json\/wp\/v2\/pages\/388","targetHints":{"allow":["GET"]}}],"collection":[{"href":"http:\/\/www.el-drut.com\/index.php\/wp-json\/wp\/v2\/pages"}],"about":[{"href":"http:\/\/www.el-drut.com\/index.php\/wp-json\/wp\/v2\/types\/page"}],"author":[{"embeddable":true,"href":"http:\/\/www.el-drut.com\/index.php\/wp-json\/wp\/v2\/users\/1"}],"replies":[{"embeddable":true,"href":"http:\/\/www.el-drut.com\/index.php\/wp-json\/wp\/v2\/comments?post=388"}],"version-history":[{"count":11,"href":"http:\/\/www.el-drut.com\/index.php\/wp-json\/wp\/v2\/pages\/388\/revisions"}],"predecessor-version":[{"id":659,"href":"http:\/\/www.el-drut.com\/index.php\/wp-json\/wp\/v2\/pages\/388\/revisions\/659"}],"up":[{"embeddable":true,"href":"http:\/\/www.el-drut.com\/index.php\/wp-json\/wp\/v2\/pages\/15"}],"wp:attachment":[{"href":"http:\/\/www.el-drut.com\/index.php\/wp-json\/wp\/v2\/media?parent=388"}],"curies":[{"name":"wp","href":"https:\/\/api.w.org\/{rel}","templated":true}]}}