{"id":72,"date":"2018-11-21T20:27:17","date_gmt":"2018-11-21T19:27:17","guid":{"rendered":"http:\/\/www.el-drut.eu\/?page_id=72"},"modified":"2018-11-21T21:34:28","modified_gmt":"2018-11-21T20:34:28","slug":"iii-montaz-osprzetu-punktow-instalacji-elektrycznej-i-teletechnicznej-bez-materialow","status":"publish","type":"page","link":"http:\/\/www.el-drut.com\/index.php\/cennik\/iii-montaz-osprzetu-punktow-instalacji-elektrycznej-i-teletechnicznej-bez-materialow\/","title":{"rendered":"III. Monta\u017c osprz\u0119tu punkt\u00f3w instalacji elektrycznej i teletechnicznej &#8211; bez materia\u0142\u00f3w"},"content":{"rendered":"\t\t<div data-elementor-type=\"wp-post\" data-elementor-id=\"72\" class=\"elementor elementor-72 elementor-bc-flex-widget\">\n\t\t\t\t\t\t<section class=\"elementor-section elementor-top-section elementor-element elementor-element-3c15e29 elementor-section-stretched elementor-section-boxed elementor-section-height-default elementor-section-height-default\" data-id=\"3c15e29\" data-element_type=\"section\" data-e-type=\"section\" data-settings=\"{&quot;stretch_section&quot;:&quot;section-stretched&quot;}\">\n\t\t\t\t\t\t<div class=\"elementor-container elementor-column-gap-default\">\n\t\t\t\t\t<div class=\"elementor-column elementor-col-100 elementor-top-column elementor-element elementor-element-1d1f9c7\" data-id=\"1d1f9c7\" data-element_type=\"column\" data-e-type=\"column\">\n\t\t\t<div class=\"elementor-widget-wrap elementor-element-populated\">\n\t\t\t\t\t\t<div class=\"elementor-element elementor-element-94d7a00 elementor-widget elementor-widget-text-editor\" data-id=\"94d7a00\" data-element_type=\"widget\" data-e-type=\"widget\" data-widget_type=\"text-editor.default\">\n\t\t\t\t<div class=\"elementor-widget-container\">\n\t\t\t\t\t\t\t\t\t<table width=\"747\" cellspacing=\"0\" cellpadding=\"7\"><colgroup> <col width=\"33\" \/> <col width=\"544\" \/> <col width=\"128\" \/> <\/colgroup>\n<tbody>\n<tr>\n<td colspan=\"3\" valign=\"top\" width=\"733\">\n<p class=\"western\" align=\"center\"><span style=\"color: #ff0000;\"><u> <span style=\"font-family: Times New Roman, serif;\"><b>III .<\/b><\/span><\/u><\/span><u><b> <\/b><\/u><span style=\"color: #ff0000;\"><span style=\"font-family: Times New Roman, serif;\"><u><b>MONTA\u017b OSPRZ\u0118TU PUNKT\u00d3W INSTALACJI ELEKTRYCZNEJ I TELETECHNICZNEJ \u2013 BEZ MATERIA\u0141\u00d3W<\/b><\/u><\/span><\/span><\/p>\n<\/td>\n<\/tr>\n<\/tbody>\n<tbody>\n<tr valign=\"top\">\n<td style=\"background: #d3dfee;\" bgcolor=\"#d3dfee\" width=\"33\"><\/td>\n<td style=\"background: #d3dfee;\" bgcolor=\"#d3dfee\" width=\"544\">\n<p class=\"western\"><span style=\"color: #365f91;\"><span style=\"font-family: Times New Roman, serif;\"><span style=\"font-size: medium;\">Us\u0142uga<\/span><\/span><\/span><\/p>\n<\/td>\n<td style=\"background: #d3dfee;\" bgcolor=\"#d3dfee\" width=\"128\">\n<p class=\"western\" align=\"center\"><span style=\"color: #365f91;\"><span style=\"font-family: Times New Roman, serif;\"><span style=\"font-size: medium;\">Cena<\/span><\/span><\/span><\/p>\n<\/td>\n<\/tr>\n<tr valign=\"top\">\n<td width=\"33\">\n<p class=\"western\"><span style=\"color: #365f91;\"><span style=\"font-family: Times New Roman, serif;\"><span style=\"font-size: medium;\"><b>1.<\/b><\/span><\/span><\/span><\/p>\n<\/td>\n<td width=\"544\">\n<p class=\"western\"><span style=\"color: #365f91;\"><span style=\"font-family: Times New Roman, serif;\"><span style=\"font-size: medium;\">Monta\u017c gniazda wtykowego jedno fazowego, 1 szt.<\/span><\/span><\/span><\/p>\n<\/td>\n<td width=\"128\">\n<p class=\"western\" align=\"center\"><span style=\"color: #365f91;\"><span style=\"font-family: Times New Roman, serif;\"><span style=\"font-size: medium;\">8z\u0142 \u2013 15z\u0142<\/span><\/span><\/span><\/p>\n<\/td>\n<\/tr>\n<tr valign=\"top\">\n<td style=\"background: #d3dfee;\" bgcolor=\"#d3dfee\" width=\"33\">\n<p class=\"western\"><span style=\"color: #365f91;\"><span style=\"font-family: Times New Roman, serif;\"><span style=\"font-size: medium;\"><b>2.<\/b><\/span><\/span><\/span><\/p>\n<\/td>\n<td style=\"background: #d3dfee;\" bgcolor=\"#d3dfee\" width=\"544\">\n<p class=\"western\"><span style=\"color: #365f91;\"><span style=\"font-family: Times New Roman, serif;\"><span style=\"font-size: medium;\">Monta\u017c gniazda wtykowego tr\u00f3jfazowego , 1 szt.<\/span><\/span><\/span><\/p>\n<\/td>\n<td style=\"background: #d3dfee;\" bgcolor=\"#d3dfee\" width=\"128\">\n<p class=\"western\" align=\"center\"><span style=\"color: #365f91;\"><span style=\"font-family: Times New Roman, serif;\"><span style=\"font-size: medium;\">20z\u0142 \u2013 50z\u0142<\/span><\/span><\/span><\/p>\n<\/td>\n<\/tr>\n<tr valign=\"top\">\n<td width=\"33\">\n<p class=\"western\"><span style=\"color: #365f91;\"><span style=\"font-family: Times New Roman, serif;\"><span style=\"font-size: medium;\"><b>3.<\/b><\/span><\/span><\/span><\/p>\n<\/td>\n<td width=\"544\">\n<p class=\"western\"><span style=\"color: #365f91;\"><span style=\"font-family: Times New Roman, serif;\"><span style=\"font-size: medium;\">Monta\u017c w\u0142\u0105cznika lub prze\u0142\u0105cznika o\u015bwietlenia<\/span><\/span><\/span><\/p>\n<\/td>\n<td width=\"128\">\n<p class=\"western\" align=\"center\"><span style=\"color: #365f91;\"><span style=\"font-family: Times New Roman, serif;\"><span style=\"font-size: medium;\">6z\u0142 \u2013 12z\u0142<\/span><\/span><\/span><\/p>\n<\/td>\n<\/tr>\n<tr valign=\"top\">\n<td style=\"background: #d3dfee;\" bgcolor=\"#d3dfee\" width=\"33\">\n<p class=\"western\"><span style=\"color: #365f91;\"><span style=\"font-family: Times New Roman, serif;\"><span style=\"font-size: medium;\"><b>4.<\/b><\/span><\/span><\/span><\/p>\n<\/td>\n<td style=\"background: #d3dfee;\" bgcolor=\"#d3dfee\" width=\"544\">\n<p class=\"western\"><span style=\"color: #365f91;\"><span style=\"font-family: Times New Roman, serif;\"><span style=\"font-size: medium;\">Monta\u017c w\u0142\u0105cznik\u00f3w schodowych lub krzy\u017cowych \u20131 szt.<\/span><\/span><\/span><\/p>\n<\/td>\n<td style=\"background: #d3dfee;\" bgcolor=\"#d3dfee\" width=\"128\">\n<p class=\"western\" align=\"center\"><span style=\"color: #365f91;\"><span style=\"font-family: Times New Roman, serif;\"><span style=\"font-size: medium;\">8z\u0142 \u2013 12z\u0142<\/span><\/span><\/span><\/p>\n<\/td>\n<\/tr>\n<tr valign=\"top\">\n<td width=\"33\">\n<p class=\"western\"><span style=\"color: #365f91;\"><span style=\"font-family: Times New Roman, serif;\"><span style=\"font-size: medium;\"><b>5.<\/b><\/span><\/span><\/span><\/p>\n<\/td>\n<td width=\"544\">\n<p class=\"western\"><span style=\"color: #365f91;\"><span style=\"font-family: Times New Roman, serif;\"><span style=\"font-size: medium;\">Monta\u017c gniazda antenowych RTV \u2013 szt.1<\/span><\/span><\/span><\/p>\n<\/td>\n<td width=\"128\">\n<p class=\"western\" align=\"center\"><span style=\"color: #365f91;\"><span style=\"font-family: Times New Roman, serif;\"><span style=\"font-size: medium;\">8z\u0142 \u2013 15z\u0142<\/span><\/span><\/span><\/p>\n<\/td>\n<\/tr>\n<tr valign=\"top\">\n<td style=\"background: #d3dfee;\" bgcolor=\"#d3dfee\" width=\"33\">\n<p class=\"western\"><span style=\"color: #365f91;\"><span style=\"font-family: Times New Roman, serif;\"><span style=\"font-size: medium;\"><b>6.<\/b><\/span><\/span><\/span><\/p>\n<\/td>\n<td style=\"background: #d3dfee;\" bgcolor=\"#d3dfee\" width=\"544\">\n<p class=\"western\"><span style=\"color: #365f91;\"><span style=\"font-family: Times New Roman, serif;\"><span style=\"font-size: medium;\">Monta\u017c aparatu wideofonu i domofonu \u2013szt.1<\/span><\/span><\/span><\/p>\n<\/td>\n<td style=\"background: #d3dfee;\" bgcolor=\"#d3dfee\" width=\"128\">\n<p class=\"western\" align=\"center\"><span style=\"color: #365f91;\"><span style=\"font-family: Times New Roman, serif;\"><span style=\"font-size: medium;\">150z\u0142 \u2013 300z\u0142<\/span><\/span><\/span><\/p>\n<\/td>\n<\/tr>\n<tr valign=\"top\">\n<td width=\"33\">\n<p class=\"western\"><span style=\"color: #365f91;\"><span style=\"font-family: Times New Roman, serif;\"><span style=\"font-size: medium;\"><b>7.<\/b><\/span><\/span><\/span><\/p>\n<\/td>\n<td width=\"544\">\n<p class=\"western\"><span style=\"color: #365f91;\"><span style=\"font-family: Times New Roman, serif;\"><span style=\"font-size: medium;\">Monta\u017c gniazda komputerowego typu RJ 45 , internet, telefon, drukarka \u2013 szt.1<\/span><\/span><\/span><\/p>\n<\/td>\n<td width=\"128\">\n<p class=\"western\" align=\"center\"><span style=\"color: #365f91;\"><span style=\"font-family: Times New Roman, serif;\"><span style=\"font-size: medium;\">10z\u0142 \u2013 25z\u0142<\/span><\/span><\/span><\/p>\n<\/td>\n<\/tr>\n<tr valign=\"top\">\n<td style=\"background: #d3dfee;\" bgcolor=\"#d3dfee\" width=\"33\">\n<p class=\"western\"><span style=\"color: #365f91;\"><span style=\"font-family: Times New Roman, serif;\"><span style=\"font-size: medium;\"><b>8.<\/b><\/span><\/span><\/span><\/p>\n<\/td>\n<td style=\"background: #d3dfee;\" bgcolor=\"#d3dfee\" width=\"544\">\n<p class=\"western\"><span style=\"color: #365f91;\"><span style=\"font-family: Times New Roman, serif;\"><span style=\"font-size: medium;\">Monta\u017c gniazda si\u0142owego 400 V n\/t \u2013szt.1<\/span><\/span><\/span><\/p>\n<\/td>\n<td style=\"background: #d3dfee;\" bgcolor=\"#d3dfee\" width=\"128\">\n<p class=\"western\" align=\"center\"><span style=\"color: #365f91;\"><span style=\"font-family: Times New Roman, serif;\"><span style=\"font-size: medium;\">27z\u0142 \u2013 60z\u0142<\/span><\/span><\/span><\/p>\n<\/td>\n<\/tr>\n<tr valign=\"top\">\n<td width=\"33\">\n<p class=\"western\"><span style=\"color: #365f91;\"><span style=\"font-family: Times New Roman, serif;\"><span style=\"font-size: medium;\"><b>9.<\/b><\/span><\/span><\/span><\/p>\n<\/td>\n<td width=\"544\">\n<p class=\"western\"><span style=\"color: #365f91;\"><span style=\"font-family: Times New Roman, serif;\"><span style=\"font-size: medium;\">Monta\u017c gniazd audio \u2013 szt.1<\/span><\/span><\/span><\/p>\n<\/td>\n<td width=\"128\">\n<p class=\"western\" align=\"center\"><span style=\"color: #365f91;\"><span style=\"font-family: Times New Roman, serif;\"><span style=\"font-size: medium;\">10z\u0142 \u2013 14z\u0142<\/span><\/span><\/span><\/p>\n<\/td>\n<\/tr>\n<tr valign=\"top\">\n<td style=\"background: #d3dfee;\" bgcolor=\"#d3dfee\" width=\"33\">\n<p class=\"western\"><span style=\"color: #365f91;\"><span style=\"font-family: Times New Roman, serif;\"><span style=\"font-size: medium;\"><b>10.<\/b><\/span><\/span><\/span><\/p>\n<\/td>\n<td style=\"background: #d3dfee;\" bgcolor=\"#d3dfee\" width=\"544\">\n<p class=\"western\"><span style=\"color: #365f91;\"><span style=\"font-family: Times New Roman, serif;\"><span style=\"font-size: medium;\">Monta\u017c zasilacza o\u015bwietlenia 230\/12V \u2013 szt.1<\/span><\/span><\/span><\/p>\n<\/td>\n<td style=\"background: #d3dfee;\" bgcolor=\"#d3dfee\" width=\"128\">\n<p class=\"western\" align=\"center\"><span style=\"color: #365f91;\"><span style=\"font-family: Times New Roman, serif;\"><span style=\"font-size: medium;\">20z\u0142 \u2013 40z\u0142<\/span><\/span><\/span><\/p>\n<\/td>\n<\/tr>\n<tr valign=\"top\">\n<td width=\"33\">\n<p class=\"western\"><span style=\"color: #365f91;\"><span style=\"font-family: Times New Roman, serif;\"><span style=\"font-size: medium;\"><b>11.<\/b><\/span><\/span><\/span><\/p>\n<\/td>\n<td width=\"544\">\n<p class=\"western\"><span style=\"color: #365f91;\"><span style=\"font-family: Times New Roman, serif;\"><span style=\"font-size: medium;\">Monta\u017c sufitowych listw o\u015bwietleniowych LED lub w\u0119\u017cy \u015bwietlnych \u2013 szt.1<\/span><\/span><\/span><\/p>\n<\/td>\n<td width=\"128\">\n<p class=\"western\"><span style=\"color: #365f91;\"> <span style=\"font-family: Times New Roman, serif;\"><span style=\"font-size: medium;\">50z\u0142-140z\u0142<\/span><\/span><\/span><\/p>\n<\/td>\n<\/tr>\n<tr valign=\"top\">\n<td style=\"background: #d3dfee;\" bgcolor=\"#d3dfee\" width=\"33\">\n<p class=\"western\"><span style=\"color: #365f91;\"><span style=\"font-family: Times New Roman, serif;\"><span style=\"font-size: medium;\"><b>12.<\/b><\/span><\/span><\/span><\/p>\n<\/td>\n<td style=\"background: #d3dfee;\" bgcolor=\"#d3dfee\" width=\"544\">\n<p class=\"western\"><span style=\"color: #365f91;\"><span style=\"font-family: Times New Roman, serif;\"><span style=\"font-size: medium;\">Monta\u017c o\u015bwietlenia kinkiet , plafoniera ,\u017cyrandol, oprawa \u015bwietl\u00f3wkowa do 56 W \u2013 szt.1<\/span><\/span><\/span><\/p>\n<\/td>\n<td style=\"background: #d3dfee;\" bgcolor=\"#d3dfee\" width=\"128\">\n<p class=\"western\" align=\"center\"><span style=\"color: #365f91;\"> <span style=\"font-family: Times New Roman, serif;\"><span style=\"font-size: medium;\">45z\u0142 \u2013 170z\u0142<\/span><\/span><\/span><\/p>\n<\/td>\n<\/tr>\n<tr valign=\"top\">\n<td width=\"33\">\n<p class=\"western\"><span style=\"color: #365f91;\"><span style=\"font-family: Times New Roman, serif;\"><span style=\"font-size: medium;\"><b>13.<\/b><\/span><\/span><\/span><\/p>\n<\/td>\n<td width=\"544\">\n<p class=\"western\"><span style=\"color: #365f91;\"><span style=\"font-family: Times New Roman, serif;\"><span style=\"font-size: medium;\">Monta\u017c pod\u0142ogowego o\u015bwietlenia<\/span><\/span><\/span><\/p>\n<\/td>\n<td width=\"128\">\n<p class=\"western\" align=\"center\"><span style=\"color: #365f91;\"><span style=\"font-family: Times New Roman, serif;\"><span style=\"font-size: medium;\">25z\u0142 -65z\u0142<\/span><\/span><\/span><\/p>\n<\/td>\n<\/tr>\n<tr valign=\"top\">\n<td style=\"background: #d3dfee;\" bgcolor=\"#d3dfee\" width=\"33\">\n<p class=\"western\"><span style=\"color: #365f91;\"><span style=\"font-family: Times New Roman, serif;\"><span style=\"font-size: medium;\"><b>14.<\/b><\/span><\/span><\/span><\/p>\n<\/td>\n<td style=\"background: #d3dfee;\" bgcolor=\"#d3dfee\" width=\"544\">\n<p class=\"western\"><span style=\"color: #365f91;\"><span style=\"font-family: Times New Roman, serif;\"><span style=\"font-size: medium;\">Monta\u017c na suficie dekoracyjnego o\u015bwietlenia \u015bwiat\u0142owodowego 1m<\/span><\/span><\/span><span style=\"color: #365f91;\"><sup><span style=\"font-family: Times New Roman, serif;\"><span style=\"font-size: medium;\">2<\/span><\/span><\/sup><\/span><span style=\"color: #365f91;\"><span style=\"font-family: Times New Roman, serif;\"><span style=\"font-size: medium;\"> ok 25 do 30 w\u0142\u00f3kien<\/span><\/span><\/span><\/p>\n<\/td>\n<td style=\"background: #d3dfee;\" bgcolor=\"#d3dfee\" width=\"128\">\n<p class=\"western\" align=\"center\"><span style=\"color: #365f91;\"> <span style=\"font-family: Times New Roman, serif;\"><span style=\"font-size: medium;\">300z\u0142 -500z\u0142<\/span><\/span><\/span><\/p>\n<\/td>\n<\/tr>\n<tr valign=\"top\">\n<td width=\"33\">\n<p class=\"western\"><span style=\"color: #365f91;\"><span style=\"font-family: Times New Roman, serif;\"><span style=\"font-size: medium;\"><b>15.<\/b><\/span><\/span><\/span><\/p>\n<\/td>\n<td width=\"544\">\n<p class=\"western\"><span style=\"color: #365f91;\"><span style=\"font-family: Times New Roman, serif;\"><span style=\"font-size: medium;\">Monta\u017c halogen\u00f3w 12 V z wyci\u0119ciem otworu \u2013 szt.1<\/span><\/span><\/span><\/p>\n<\/td>\n<td width=\"128\">\n<p class=\"western\" align=\"center\"><span style=\"color: #365f91;\"> <span style=\"font-family: Times New Roman, serif;\"><span style=\"font-size: medium;\">40z\u0142 &#8211;\u00a0120z\u0142<\/span><\/span><\/span><\/p>\n<\/td>\n<\/tr>\n<tr valign=\"top\">\n<td style=\"background: #d3dfee;\" bgcolor=\"#d3dfee\" width=\"33\">\n<p class=\"western\"><span style=\"color: #365f91;\"><span style=\"font-family: Times New Roman, serif;\"><span style=\"font-size: medium;\"><b>16.<\/b><\/span><\/span><\/span><\/p>\n<\/td>\n<td style=\"background: #d3dfee;\" bgcolor=\"#d3dfee\" width=\"544\">\n<p class=\"western\"><span style=\"color: #365f91;\"><span style=\"font-family: Times New Roman, serif;\"><span style=\"font-size: medium;\">Monta\u017c czujnika ruchu \u2013 szt.1<\/span><\/span><\/span><\/p>\n<\/td>\n<td style=\"background: #d3dfee;\" bgcolor=\"#d3dfee\" width=\"128\">\n<p class=\"western\" align=\"center\"><span style=\"color: #365f91;\"> <span style=\"font-family: Times New Roman, serif;\"><span style=\"font-size: medium;\">30z\u0142 \u2013 45z\u0142<\/span><\/span><\/span><\/p>\n<\/td>\n<\/tr>\n<tr valign=\"top\">\n<td width=\"33\">\n<p class=\"western\"><span style=\"color: #365f91;\"><span style=\"font-family: Times New Roman, serif;\"><span style=\"font-size: medium;\"><b>17.<\/b><\/span><\/span><\/span><\/p>\n<\/td>\n<td width=\"544\">\n<p class=\"western\"><span style=\"color: #365f91;\"><span style=\"font-family: Times New Roman, serif;\"><span style=\"font-size: medium;\">Monta\u017c dotykowego sensora w\u0142\u0105cznika element\u00f3w o\u015bwietlenia \u2013 szt.1<\/span><\/span><\/span><\/p>\n<\/td>\n<td width=\"128\">\n<p class=\"western\" align=\"center\"><span style=\"color: #365f91;\"> <span style=\"font-family: Times New Roman, serif;\"><span style=\"font-size: medium;\">60z\u0142 \u2013 120z\u0142<\/span><\/span><\/span><\/p>\n<\/td>\n<\/tr>\n<tr valign=\"top\">\n<td style=\"background: #d3dfee;\" bgcolor=\"#d3dfee\" width=\"33\">\n<p class=\"western\"><span style=\"color: #365f91;\"><span style=\"font-family: Times New Roman, serif;\"><span style=\"font-size: medium;\"><b>18.<\/b><\/span><\/span><\/span><\/p>\n<\/td>\n<td style=\"background: #d3dfee;\" bgcolor=\"#d3dfee\" width=\"544\">\n<p class=\"western\"><span style=\"color: #365f91;\"><span style=\"font-family: Times New Roman, serif;\"><span style=\"font-size: medium;\">Monta\u017c r\u0119cznego \u015bciemniacza o\u015bwietlenia \u2013 szt.1<\/span><\/span><\/span><\/p>\n<\/td>\n<td style=\"background: #d3dfee;\" bgcolor=\"#d3dfee\" width=\"128\">\n<p class=\"western\" align=\"center\"><span style=\"color: #365f91;\"> <span style=\"font-family: Times New Roman, serif;\"><span style=\"font-size: medium;\">50z\u0142 \u2013 120z\u0142<\/span><\/span><\/span><\/p>\n<\/td>\n<\/tr>\n<tr valign=\"top\">\n<td width=\"33\">\n<p class=\"western\"><span style=\"color: #365f91;\"><span style=\"font-family: Times New Roman, serif;\"><span style=\"font-size: medium;\"><b>19.<\/b><\/span><\/span><\/span><\/p>\n<\/td>\n<td width=\"544\">\n<p class=\"western\"><span style=\"color: #365f91;\"><span style=\"font-family: Times New Roman, serif;\"><span style=\"font-size: medium;\">Monta\u017c panelu sterowania inteligentn\u0105 instalacj\u0105 w domu \u2013 szt.1<\/span><\/span><\/span><\/p>\n<\/td>\n<td width=\"128\">\n<p class=\"western\" align=\"center\"><span style=\"color: #365f91;\"><span style=\"font-family: Times New Roman, serif;\"><span style=\"font-size: medium;\">500z\u0142 \u2013 1100z\u0142<\/span><\/span><\/span><\/p>\n<\/td>\n<\/tr>\n<tr valign=\"top\">\n<td style=\"background: #d3dfee;\" bgcolor=\"#d3dfee\" width=\"33\">\n<p class=\"western\"><span style=\"color: #365f91;\"><span style=\"font-family: Times New Roman, serif;\"><span style=\"font-size: medium;\"><b>20.<\/b><\/span><\/span><\/span><\/p>\n<\/td>\n<td style=\"background: #d3dfee;\" bgcolor=\"#d3dfee\" width=\"544\">\n<p class=\"western\"><span style=\"color: #365f91;\"><span style=\"font-family: Times New Roman, serif;\"><span style=\"font-size: medium;\">Monta\u017c akustycznego czujnika w\u0142\u0105czaj\u0105cego sekcj\u0119 lub grup\u0119 scenicznego o\u015bwietlenia \u2013 szt.1<\/span><\/span><\/span><\/p>\n<\/td>\n<td style=\"background: #d3dfee;\" bgcolor=\"#d3dfee\" width=\"128\">\n<p class=\"western\" align=\"center\"><span style=\"color: #365f91;\"><span style=\"font-family: Times New Roman, serif;\"><span style=\"font-size: medium;\">60z\u0142 \u2013 120z\u0142<\/span><\/span><\/span><\/p>\n<\/td>\n<\/tr>\n<tr valign=\"top\">\n<td width=\"33\">\n<p class=\"western\"><span style=\"color: #365f91;\"><span style=\"font-family: Times New Roman, serif;\"><span style=\"font-size: medium;\"><b>21.<\/b><\/span><\/span><\/span><\/p>\n<\/td>\n<td width=\"544\">\n<p class=\"western\"><span style=\"color: #365f91;\"><span style=\"font-family: Times New Roman, serif;\"><span style=\"font-size: medium;\">Monta\u017c transformatora 230 V na 12V \u2013 szt.1<\/span><\/span><\/span><\/p>\n<\/td>\n<td width=\"128\">\n<p class=\"western\" align=\"center\"><span style=\"color: #365f91;\"><span style=\"font-family: Times New Roman, serif;\"><span style=\"font-size: medium;\">30z\u0142 \u2013 45z\u0142<\/span><\/span><\/span><\/p>\n<\/td>\n<\/tr>\n<tr valign=\"top\">\n<td style=\"background: #d3dfee;\" bgcolor=\"#d3dfee\" width=\"33\">\n<p class=\"western\"><span style=\"color: #365f91;\"><span style=\"font-family: Times New Roman, serif;\"><span style=\"font-size: medium;\"><b>22.<\/b><\/span><\/span><\/span><\/p>\n<\/td>\n<td style=\"background: #d3dfee;\" bgcolor=\"#d3dfee\" width=\"544\">\n<p class=\"western\"><span style=\"color: #365f91;\"><span style=\"font-family: Times New Roman, serif;\"><span style=\"font-size: medium;\">Monta\u017c zew element\u00f3w o\u015bwietlenia w ogrodzie na podjazdach i elewacjach do 3 m wysoko\u015bci \u2013 szt.1<\/span><\/span><\/span><\/p>\n<\/td>\n<td style=\"background: #d3dfee;\" bgcolor=\"#d3dfee\" width=\"128\">\n<p class=\"western\" align=\"center\"><span style=\"color: #365f91;\"><span style=\"font-family: Times New Roman, serif;\"><span style=\"font-size: medium;\">45z\u0142 \u2013 150z\u0142<\/span><\/span><\/span><\/p>\n<\/td>\n<\/tr>\n<tr valign=\"top\">\n<td width=\"33\">\n<p class=\"western\"><span style=\"color: #365f91;\"><span style=\"font-family: Times New Roman, serif;\"><span style=\"font-size: medium;\"><b>23.<\/b><\/span><\/span><\/span><\/p>\n<\/td>\n<td width=\"544\">\n<p class=\"western\"><span style=\"color: #365f91;\"><span style=\"font-family: Times New Roman, serif;\"><span style=\"font-size: medium;\">Pod\u0142\u0105czenie p\u0142yty indukcyjnej , kuchni elektrycznej, piekarnika<\/span><\/span><\/span><\/p>\n<\/td>\n<td width=\"128\">\n<p class=\"western\" align=\"center\"><span style=\"color: #365f91;\"><span style=\"font-family: Times New Roman, serif;\"><span style=\"font-size: medium;\">40z\u0142 \u2013 60z\u0142<\/span><\/span><\/span><\/p>\n<\/td>\n<\/tr>\n<tr valign=\"top\">\n<td style=\"background: #d3dfee;\" bgcolor=\"#d3dfee\" width=\"33\">\n<p class=\"western\"><span style=\"color: #365f91;\"><span style=\"font-family: Times New Roman, serif;\"><span style=\"font-size: medium;\"><b>24.<\/b><\/span><\/span><\/span><\/p>\n<\/td>\n<td style=\"background: #d3dfee;\" bgcolor=\"#d3dfee\" width=\"544\">\n<p class=\"western\"><span style=\"color: #365f91;\"><span style=\"font-family: Times New Roman, serif;\"><span style=\"font-size: medium;\">Monta\u017c wentylatora \u0142azienkowego<\/span><\/span><\/span><\/p>\n<\/td>\n<td style=\"background: #d3dfee;\" bgcolor=\"#d3dfee\" width=\"128\">\n<p class=\"western\" align=\"center\"><span style=\"color: #365f91;\"><span style=\"font-family: Times New Roman, serif;\"><span style=\"font-size: medium;\">30z\u0142 \u2013 50z\u0142<\/span><\/span><\/span><\/p>\n<\/td>\n<\/tr>\n<tr valign=\"top\">\n<td width=\"33\">\n<p class=\"western\"><span style=\"color: #365f91;\"><span style=\"font-family: Times New Roman, serif;\"><span style=\"font-size: medium;\"><b>25.<\/b><\/span><\/span><\/span><\/p>\n<\/td>\n<td width=\"544\">\n<p class=\"western\"><span style=\"color: #365f91;\"><span style=\"font-family: Times New Roman, serif;\"><span style=\"font-size: medium;\">Pod\u0142\u0105czenie pompy\/hydroforu<\/span><\/span><\/span><\/p>\n<\/td>\n<td width=\"128\">\n<p class=\"western\" align=\"center\"><span style=\"color: #365f91;\"><span style=\"font-family: Times New Roman, serif;\"><span style=\"font-size: medium;\">40z\u0142 \u2013 80z\u0142<\/span><\/span><\/span><\/p>\n<\/td>\n<\/tr>\n<tr valign=\"top\">\n<td style=\"background: #d3dfee;\" bgcolor=\"#d3dfee\" width=\"33\">\n<p class=\"western\"><span style=\"color: #365f91;\"><span style=\"font-family: Times New Roman, serif;\"><span style=\"font-size: medium;\"><b>26<\/b><\/span><\/span><\/span><\/p>\n<\/td>\n<td style=\"background: #d3dfee;\" bgcolor=\"#d3dfee\" width=\"544\">\n<p class=\"western\"><span style=\"color: #365f91;\"><span style=\"font-family: Times New Roman, serif;\"><span style=\"font-size: medium;\">Monta\u017c regulatora temperatury<\/span><\/span><\/span><\/p>\n<\/td>\n<td style=\"background: #d3dfee;\" bgcolor=\"#d3dfee\" width=\"128\">\n<p class=\"western\" align=\"center\"><span style=\"color: #365f91;\"><span style=\"font-family: Times New Roman, serif;\"><span style=\"font-size: medium;\">20z\u0142-30z\u0142<\/span><\/span><\/span><\/p>\n<\/td>\n<\/tr>\n<\/tbody>\n<\/table>\t\t\t\t\t\t\t\t<\/div>\n\t\t\t\t<\/div>\n\t\t\t\t\t<\/div>\n\t\t<\/div>\n\t\t\t\t\t<\/div>\n\t\t<\/section>\n\t\t\t\t<\/div>\n\t\t","protected":false},"excerpt":{"rendered":"<p>III . MONTA\u017b OSPRZ\u0118TU PUNKT\u00d3W INSTALACJI ELEKTRYCZNEJ I TELETECHNICZNEJ \u2013 BEZ MATERIA\u0141\u00d3W Us\u0142uga Cena 1. Monta\u017c gniazda wtykowego jedno fazowego, 1 szt. 8z\u0142 \u2013 15z\u0142 2. Monta\u017c gniazda wtykowego tr\u00f3jfazowego , 1 szt. 20z\u0142 \u2013 50z\u0142 3. Monta\u017c w\u0142\u0105cznika lub prze\u0142\u0105cznika o\u015bwietlenia 6z\u0142 \u2013 12z\u0142 4. Monta\u017c w\u0142\u0105cznik\u00f3w schodowych lub krzy\u017cowych \u20131 szt. 8z\u0142 \u2013 &hellip; <\/p>\n<p class=\"link-more\"><a href=\"http:\/\/www.el-drut.com\/index.php\/cennik\/iii-montaz-osprzetu-punktow-instalacji-elektrycznej-i-teletechnicznej-bez-materialow\/\" class=\"more-link\">Czytaj dalej<span class=\"screen-reader-text\"> \u201eIII. Monta\u017c osprz\u0119tu punkt\u00f3w instalacji elektrycznej i teletechnicznej &#8211; bez materia\u0142\u00f3w\u201d<\/span><\/a><\/p>\n","protected":false},"author":1,"featured_media":0,"parent":17,"menu_order":0,"comment_status":"closed","ping_status":"closed","template":"","meta":{"footnotes":""},"class_list":["post-72","page","type-page","status-publish","hentry"],"_links":{"self":[{"href":"http:\/\/www.el-drut.com\/index.php\/wp-json\/wp\/v2\/pages\/72","targetHints":{"allow":["GET"]}}],"collection":[{"href":"http:\/\/www.el-drut.com\/index.php\/wp-json\/wp\/v2\/pages"}],"about":[{"href":"http:\/\/www.el-drut.com\/index.php\/wp-json\/wp\/v2\/types\/page"}],"author":[{"embeddable":true,"href":"http:\/\/www.el-drut.com\/index.php\/wp-json\/wp\/v2\/users\/1"}],"replies":[{"embeddable":true,"href":"http:\/\/www.el-drut.com\/index.php\/wp-json\/wp\/v2\/comments?post=72"}],"version-history":[{"count":2,"href":"http:\/\/www.el-drut.com\/index.php\/wp-json\/wp\/v2\/pages\/72\/revisions"}],"predecessor-version":[{"id":161,"href":"http:\/\/www.el-drut.com\/index.php\/wp-json\/wp\/v2\/pages\/72\/revisions\/161"}],"up":[{"embeddable":true,"href":"http:\/\/www.el-drut.com\/index.php\/wp-json\/wp\/v2\/pages\/17"}],"wp:attachment":[{"href":"http:\/\/www.el-drut.com\/index.php\/wp-json\/wp\/v2\/media?parent=72"}],"curies":[{"name":"wp","href":"https:\/\/api.w.org\/{rel}","templated":true}]}}