{"id":80,"date":"2018-11-21T20:29:45","date_gmt":"2018-11-21T19:29:45","guid":{"rendered":"http:\/\/www.el-drut.eu\/?page_id=80"},"modified":"2018-11-21T21:39:45","modified_gmt":"2018-11-21T20:39:45","slug":"vii-wykonanie-tras-kablowych-w-rurach-pcv-oraz-plastikowych-i-metalowych-korytkach","status":"publish","type":"page","link":"http:\/\/www.el-drut.com\/index.php\/cennik\/vii-wykonanie-tras-kablowych-w-rurach-pcv-oraz-plastikowych-i-metalowych-korytkach\/","title":{"rendered":"VII. Wykonanie tras kablowych w rurach PCV &#8211; oraz plastikowych i metalowych korytkach &#8211; bez materia\u0142u"},"content":{"rendered":"\t\t<div data-elementor-type=\"wp-post\" data-elementor-id=\"80\" class=\"elementor elementor-80 elementor-bc-flex-widget\">\n\t\t\t\t\t\t<section class=\"elementor-section elementor-top-section elementor-element elementor-element-e8fd510 elementor-section-stretched elementor-section-boxed elementor-section-height-default elementor-section-height-default\" data-id=\"e8fd510\" data-element_type=\"section\" data-e-type=\"section\" data-settings=\"{&quot;stretch_section&quot;:&quot;section-stretched&quot;}\">\n\t\t\t\t\t\t<div class=\"elementor-container elementor-column-gap-default\">\n\t\t\t\t\t<div class=\"elementor-column elementor-col-100 elementor-top-column elementor-element elementor-element-be1e0be\" data-id=\"be1e0be\" data-element_type=\"column\" data-e-type=\"column\">\n\t\t\t<div class=\"elementor-widget-wrap elementor-element-populated\">\n\t\t\t\t\t\t<div class=\"elementor-element elementor-element-d1484f5 elementor-widget elementor-widget-text-editor\" data-id=\"d1484f5\" data-element_type=\"widget\" data-e-type=\"widget\" data-widget_type=\"text-editor.default\">\n\t\t\t\t<div class=\"elementor-widget-container\">\n\t\t\t\t\t\t\t\t\t<table width=\"737\" cellspacing=\"0\" cellpadding=\"7\"><colgroup> <col width=\"24\" \/> <col width=\"577\" \/> <col width=\"94\" \/> <\/colgroup>\n<tbody>\n<tr valign=\"top\">\n<td colspan=\"2\" width=\"615\">\n<p class=\"western\" align=\"center\"><span style=\"color: #ff0000;\"><span style=\"font-family: Times New Roman, serif;\"><b>VII. WYKONANIE TRAS KABLOWYCH W RURACH PCV ORAZ PLASTIKOWYCH I METALOWYCH KORYTKACH KABLOWYCH \u2013 BEZ MATERIA\u0141U<\/b><\/span><\/span><\/p>\n<\/td>\n<td width=\"94\"><\/td>\n<\/tr>\n<tr valign=\"top\">\n<td style=\"background: #d3dfee;\" bgcolor=\"#d3dfee\" width=\"24\"><\/td>\n<td style=\"background: #d3dfee;\" bgcolor=\"#d3dfee\" width=\"577\">\n<p class=\"western\"><span style=\"color: #365f91;\"><span style=\"font-family: Times New Roman, serif;\"><span style=\"font-size: medium;\">Us\u0142uga<\/span><\/span><\/span><\/p>\n<\/td>\n<td style=\"background: #d3dfee;\" bgcolor=\"#d3dfee\" width=\"94\">\n<p class=\"western\" align=\"center\"><span style=\"color: #365f91;\"><span style=\"font-family: Times New Roman, serif;\"><span style=\"font-size: medium;\">Cena<\/span><\/span><\/span><\/p>\n<\/td>\n<\/tr>\n<tr valign=\"top\">\n<td width=\"24\">\n<p class=\"western\"><span style=\"color: #365f91;\"><span style=\"font-family: Times New Roman, serif;\"><span style=\"font-size: medium;\"><b>1.<\/b><\/span><\/span><\/span><\/p>\n<\/td>\n<td width=\"577\">\n<p class=\"western\"><span style=\"color: #365f91;\"><span style=\"font-family: Times New Roman, serif;\"><span style=\"font-size: medium;\">U\u0142o\u017cenie 1 m.b. kabla na trasie kablowej metalowego koryta 100 x 50 na wieszakach sufitowych lub \u015bciennych do wys. 3 m<\/span><\/span><\/span><\/p>\n<\/td>\n<td width=\"94\">\n<p class=\"western\" align=\"center\"><span style=\"color: #365f91;\"><span style=\"font-family: Times New Roman, serif;\"><span style=\"font-size: medium;\">80z\u0142 \u2013 120z\u0142<\/span><\/span><\/span><\/p>\n<\/td>\n<\/tr>\n<tr valign=\"top\">\n<td style=\"background: #d3dfee;\" bgcolor=\"#d3dfee\" width=\"24\">\n<p class=\"western\"><span style=\"color: #365f91;\"><span style=\"font-family: Times New Roman, serif;\"><span style=\"font-size: medium;\"><b>2.<\/b><\/span><\/span><\/span><\/p>\n<\/td>\n<td style=\"background: #d3dfee;\" bgcolor=\"#d3dfee\" width=\"577\">\n<p class=\"western\"><span style=\"color: #365f91;\"><span style=\"font-family: Times New Roman, serif;\"><span style=\"font-size: medium;\">U\u0142o\u017cenie 1 m.b. kabla na trasie\u00a0 kablowej z\u00a0 plastikowego koryta o wymiarach do 100 x 50 ,na \u015bcianie, do wys. 3 m<\/span><\/span><\/span><\/p>\n<\/td>\n<td style=\"background: #d3dfee;\" bgcolor=\"#d3dfee\" width=\"94\">\n<p class=\"western\" align=\"center\"><span style=\"color: #365f91;\"><span style=\"font-family: Times New Roman, serif;\"><span style=\"font-size: medium;\">45z\u0142 \u2013 60z\u0142<\/span><\/span><\/span><\/p>\n<\/td>\n<\/tr>\n<tr valign=\"top\">\n<td width=\"24\">\n<p class=\"western\"><span style=\"color: #365f91;\"><span style=\"font-family: Times New Roman, serif;\"><span style=\"font-size: medium;\"><b>3.<\/b><\/span><\/span><\/span><\/p>\n<\/td>\n<td width=\"577\">\n<p class=\"western\"><span style=\"color: #365f91;\"><span style=\"font-family: Times New Roman, serif;\"><span style=\"font-size: medium;\">U\u0142o\u017cenie\u00a01mb kabla zasilaj\u0105cego n\/t w rurze PCVdo\u00a0 fi 28 mm, na \u015bcianach, do wys. 3 m<\/span><\/span><\/span><\/p>\n<\/td>\n<td width=\"94\">\n<p class=\"western\" align=\"center\"><span style=\"color: #365f91;\"><span style=\"font-family: Times New Roman, serif;\"><span style=\"font-size: medium;\">15z\u0142 \u2013 25z\u0142<\/span><\/span><\/span><\/p>\n<\/td>\n<\/tr>\n<tr valign=\"top\">\n<td style=\"background: #d3dfee;\" bgcolor=\"#d3dfee\" width=\"24\">\n<p class=\"western\"><span style=\"color: #365f91;\"><span style=\"font-family: Times New Roman, serif;\"><span style=\"font-size: medium;\"><b>4.<\/b><\/span><\/span><\/span><\/p>\n<\/td>\n<td style=\"background: #d3dfee;\" bgcolor=\"#d3dfee\" width=\"577\">\n<p class=\"western\"><span style=\"color: #365f91;\"><span style=\"font-family: Times New Roman, serif;\"><span style=\"font-size: medium;\">U\u0142o\u017cenie 1 m.b. kabla w rurze os\u0142onowej AROT do\u00a0 fi 50 mm<\/span><\/span><\/span><\/p>\n<\/td>\n<td style=\"background: #d3dfee;\" bgcolor=\"#d3dfee\" width=\"94\">\n<p class=\"western\" align=\"center\"><span style=\"color: #365f91;\"><span style=\"font-family: Times New Roman, serif;\"><span style=\"font-size: medium;\">8z\u0142 \u2013 15z\u0142<\/span><\/span><\/span><\/p>\n<\/td>\n<\/tr>\n<\/tbody>\n<\/table>\t\t\t\t\t\t\t\t<\/div>\n\t\t\t\t<\/div>\n\t\t\t\t\t<\/div>\n\t\t<\/div>\n\t\t\t\t\t<\/div>\n\t\t<\/section>\n\t\t\t\t<\/div>\n\t\t","protected":false},"excerpt":{"rendered":"<p>VII. WYKONANIE TRAS KABLOWYCH W RURACH PCV ORAZ PLASTIKOWYCH I METALOWYCH KORYTKACH KABLOWYCH \u2013 BEZ MATERIA\u0141U Us\u0142uga Cena 1. U\u0142o\u017cenie 1 m.b. kabla na trasie kablowej metalowego koryta 100 x 50 na wieszakach sufitowych lub \u015bciennych do wys. 3 m 80z\u0142 \u2013 120z\u0142 2. U\u0142o\u017cenie 1 m.b. kabla na trasie\u00a0 kablowej z\u00a0 plastikowego koryta o &hellip; <\/p>\n<p class=\"link-more\"><a href=\"http:\/\/www.el-drut.com\/index.php\/cennik\/vii-wykonanie-tras-kablowych-w-rurach-pcv-oraz-plastikowych-i-metalowych-korytkach\/\" class=\"more-link\">Czytaj dalej<span class=\"screen-reader-text\"> \u201eVII. Wykonanie tras kablowych w rurach PCV &#8211; oraz plastikowych i metalowych korytkach &#8211; bez materia\u0142u\u201d<\/span><\/a><\/p>\n","protected":false},"author":1,"featured_media":0,"parent":17,"menu_order":0,"comment_status":"closed","ping_status":"closed","template":"","meta":{"footnotes":""},"class_list":["post-80","page","type-page","status-publish","hentry"],"_links":{"self":[{"href":"http:\/\/www.el-drut.com\/index.php\/wp-json\/wp\/v2\/pages\/80","targetHints":{"allow":["GET"]}}],"collection":[{"href":"http:\/\/www.el-drut.com\/index.php\/wp-json\/wp\/v2\/pages"}],"about":[{"href":"http:\/\/www.el-drut.com\/index.php\/wp-json\/wp\/v2\/types\/page"}],"author":[{"embeddable":true,"href":"http:\/\/www.el-drut.com\/index.php\/wp-json\/wp\/v2\/users\/1"}],"replies":[{"embeddable":true,"href":"http:\/\/www.el-drut.com\/index.php\/wp-json\/wp\/v2\/comments?post=80"}],"version-history":[{"count":3,"href":"http:\/\/www.el-drut.com\/index.php\/wp-json\/wp\/v2\/pages\/80\/revisions"}],"predecessor-version":[{"id":165,"href":"http:\/\/www.el-drut.com\/index.php\/wp-json\/wp\/v2\/pages\/80\/revisions\/165"}],"up":[{"embeddable":true,"href":"http:\/\/www.el-drut.com\/index.php\/wp-json\/wp\/v2\/pages\/17"}],"wp:attachment":[{"href":"http:\/\/www.el-drut.com\/index.php\/wp-json\/wp\/v2\/media?parent=80"}],"curies":[{"name":"wp","href":"https:\/\/api.w.org\/{rel}","templated":true}]}}